{"id":588,"date":"2025-05-01T11:06:11","date_gmt":"2025-05-01T11:06:11","guid":{"rendered":"https:\/\/sgsculptedbody.com\/producto\/plan-trimestral-de-entrenamiento-y-nutricion-personalizada\/"},"modified":"2025-06-13T01:39:56","modified_gmt":"2025-06-13T01:39:56","slug":"plan-trimestral-de-entrenamiento-y-nutricion-personalizada","status":"publish","type":"product","link":"https:\/\/sgsculptedbody.com\/en\/producto\/plan-trimestral-de-entrenamiento-y-nutricion-personalizada\/","title":{"rendered":"Plan Trimestral de Entrenamiento y Nutrici\u00f3n Personalizada"},"content":{"rendered":"","protected":false},"excerpt":{"rendered":"<p>Transforma tu cuerpo de manera sostenible con nuestro plan trimestral.<\/p>\n","protected":false},"featured_media":551,"comment_status":"open","ping_status":"closed","template":"","meta":{"_acf_changed":false,"iawp_total_views":0},"marca":[91,54],"product_brand":[],"product_cat":[102,95],"product_tag":[96,101,98],"class_list":{"0":"post-588","1":"product","2":"type-product","3":"status-publish","4":"has-post-thumbnail","6":"marca-entrenamientopro","7":"marca-sg-sculpted","8":"product_cat-plan-trimestral-en","9":"product_cat-rutina-personalizada-en","10":"product_tag-coaching-en","11":"product_tag-entrenamiento-en","12":"product_tag-nutricion-en","14":"first","15":"instock","16":"sale","17":"shipping-taxable","18":"purchasable","19":"product-type-simple"},"acf":[],"yoast_head":"<!-- This site is optimized with the Yoast SEO plugin v27.4 - https:\/\/yoast.com\/product\/yoast-seo-wordpress\/ -->\n<title>Plan Trimestral Entrenamiento y Nutrici\u00f3n \u2013 SG Sculpted Body<\/title>\n<meta name=\"description\" content=\"Transforma tu cuerpo con nuestro plan trimestral personalizado de entrenamiento y nutrici\u00f3n. Ahorra ahora, antes 932\u20ac ahora solo 582,50\u20ac. \u00a1Env\u00edo gratis y 100 d\u00edas de devoluci\u00f3n!\" \/>\n<meta name=\"robots\" content=\"index, follow, max-snippet:-1, max-image-preview:large, max-video-preview:-1\" \/>\n<link rel=\"canonical\" href=\"https:\/\/sgsculptedbody.com\/en\/producto\/plan-trimestral-de-entrenamiento-y-nutricion-personalizada\/\" \/>\n<meta property=\"og:locale\" content=\"en_US\" \/>\n<meta property=\"og:type\" content=\"article\" \/>\n<meta property=\"og:title\" content=\"Plan Trimestral Entrenamiento y Nutrici\u00f3n \u2013 SG Sculpted Body\" \/>\n<meta property=\"og:description\" content=\"Transforma tu cuerpo con nuestro plan trimestral personalizado de entrenamiento y nutrici\u00f3n. Ahorra ahora, antes 932\u20ac ahora solo 582,50\u20ac. \u00a1Env\u00edo gratis y 100 d\u00edas de devoluci\u00f3n!\" \/>\n<meta property=\"og:url\" content=\"https:\/\/sgsculptedbody.com\/en\/producto\/plan-trimestral-de-entrenamiento-y-nutricion-personalizada\/\" \/>\n<meta property=\"og:site_name\" content=\"SG Sculpted body\" \/>\n<meta property=\"article:modified_time\" content=\"2025-06-13T01:39:56+00:00\" \/>\n<meta property=\"og:image\" content=\"https:\/\/sgsculptedbody.com\/wp-content\/uploads\/2025\/05\/Leonardo_Vision_XL_Una_imagen_mostrando_a_una_mujer_realizando_0.jpg\" \/>\n\t<meta property=\"og:image:width\" content=\"1792\" \/>\n\t<meta property=\"og:image:height\" content=\"1456\" \/>\n\t<meta property=\"og:image:type\" content=\"image\/jpeg\" \/>\n<meta name=\"twitter:card\" content=\"summary_large_image\" \/>\n<!-- \/ Yoast SEO plugin. -->","yoast_head_json":{"title":"Plan Trimestral Entrenamiento y Nutrici\u00f3n \u2013 SG Sculpted Body","description":"Transforma tu cuerpo con nuestro plan trimestral personalizado de entrenamiento y nutrici\u00f3n. Ahorra ahora, antes 932\u20ac ahora solo 582,50\u20ac. \u00a1Env\u00edo gratis y 100 d\u00edas de devoluci\u00f3n!","robots":{"index":"index","follow":"follow","max-snippet":"max-snippet:-1","max-image-preview":"max-image-preview:large","max-video-preview":"max-video-preview:-1"},"canonical":"https:\/\/sgsculptedbody.com\/en\/producto\/plan-trimestral-de-entrenamiento-y-nutricion-personalizada\/","og_locale":"en_US","og_type":"article","og_title":"Plan Trimestral Entrenamiento y Nutrici\u00f3n \u2013 SG Sculpted Body","og_description":"Transforma tu cuerpo con nuestro plan trimestral personalizado de entrenamiento y nutrici\u00f3n. Ahorra ahora, antes 932\u20ac ahora solo 582,50\u20ac. \u00a1Env\u00edo gratis y 100 d\u00edas de devoluci\u00f3n!","og_url":"https:\/\/sgsculptedbody.com\/en\/producto\/plan-trimestral-de-entrenamiento-y-nutricion-personalizada\/","og_site_name":"SG Sculpted body","article_modified_time":"2025-06-13T01:39:56+00:00","og_image":[{"width":1792,"height":1456,"url":"https:\/\/sgsculptedbody.com\/wp-content\/uploads\/2025\/05\/Leonardo_Vision_XL_Una_imagen_mostrando_a_una_mujer_realizando_0.jpg","type":"image\/jpeg"}],"twitter_card":"summary_large_image","schema":{"@context":"https:\/\/schema.org","@graph":[{"@type":"WebPage","@id":"https:\/\/sgsculptedbody.com\/en\/producto\/plan-trimestral-de-entrenamiento-y-nutricion-personalizada\/","url":"https:\/\/sgsculptedbody.com\/en\/producto\/plan-trimestral-de-entrenamiento-y-nutricion-personalizada\/","name":"Plan Trimestral Entrenamiento y Nutrici\u00f3n \u2013 SG Sculpted Body","isPartOf":{"@id":"https:\/\/sgsculptedbody.com\/en\/#website"},"primaryImageOfPage":{"@id":"https:\/\/sgsculptedbody.com\/en\/producto\/plan-trimestral-de-entrenamiento-y-nutricion-personalizada\/#primaryimage"},"image":{"@id":"https:\/\/sgsculptedbody.com\/en\/producto\/plan-trimestral-de-entrenamiento-y-nutricion-personalizada\/#primaryimage"},"thumbnailUrl":"https:\/\/sgsculptedbody.com\/wp-content\/uploads\/2025\/05\/Leonardo_Vision_XL_Una_imagen_mostrando_a_una_mujer_realizando_0.jpg","datePublished":"2025-05-01T11:06:11+00:00","dateModified":"2025-06-13T01:39:56+00:00","description":"Transforma tu cuerpo con nuestro plan trimestral personalizado de entrenamiento y nutrici\u00f3n. Ahorra ahora, antes 932\u20ac ahora solo 582,50\u20ac. \u00a1Env\u00edo gratis y 100 d\u00edas de devoluci\u00f3n!","breadcrumb":{"@id":"https:\/\/sgsculptedbody.com\/en\/producto\/plan-trimestral-de-entrenamiento-y-nutricion-personalizada\/#breadcrumb"},"inLanguage":"en-US","potentialAction":[{"@type":"ReadAction","target":["https:\/\/sgsculptedbody.com\/en\/producto\/plan-trimestral-de-entrenamiento-y-nutricion-personalizada\/"]}]},{"@type":"ImageObject","inLanguage":"en-US","@id":"https:\/\/sgsculptedbody.com\/en\/producto\/plan-trimestral-de-entrenamiento-y-nutricion-personalizada\/#primaryimage","url":"https:\/\/sgsculptedbody.com\/wp-content\/uploads\/2025\/05\/Leonardo_Vision_XL_Una_imagen_mostrando_a_una_mujer_realizando_0.jpg","contentUrl":"https:\/\/sgsculptedbody.com\/wp-content\/uploads\/2025\/05\/Leonardo_Vision_XL_Una_imagen_mostrando_a_una_mujer_realizando_0.jpg","width":1792,"height":1456},{"@type":"BreadcrumbList","@id":"https:\/\/sgsculptedbody.com\/en\/producto\/plan-trimestral-de-entrenamiento-y-nutricion-personalizada\/#breadcrumb","itemListElement":[{"@type":"ListItem","position":1,"name":"Portada","item":"https:\/\/sgsculptedbody.com\/en\/"},{"@type":"ListItem","position":2,"name":"Tienda","item":"https:\/\/sgsculptedbody.com\/en\/tienda\/"},{"@type":"ListItem","position":3,"name":"Plan Trimestral de Entrenamiento y Nutrici\u00f3n Personalizada"}]},{"@type":"WebSite","@id":"https:\/\/sgsculptedbody.com\/en\/#website","url":"https:\/\/sgsculptedbody.com\/en\/","name":"SG Sculpted body","description":"","publisher":{"@id":"https:\/\/sgsculptedbody.com\/en\/#organization"},"potentialAction":[{"@type":"SearchAction","target":{"@type":"EntryPoint","urlTemplate":"https:\/\/sgsculptedbody.com\/en\/?s={search_term_string}"},"query-input":{"@type":"PropertyValueSpecification","valueRequired":true,"valueName":"search_term_string"}}],"inLanguage":"en-US"},{"@type":"Organization","@id":"https:\/\/sgsculptedbody.com\/en\/#organization","name":"SG Sculpted body","url":"https:\/\/sgsculptedbody.com\/en\/","logo":{"@type":"ImageObject","inLanguage":"en-US","@id":"https:\/\/sgsculptedbody.com\/en\/#\/schema\/logo\/image\/","url":"https:\/\/sgsculptedbody.com\/wp-content\/uploads\/2025\/05\/68133daa8af59_image00001.png","contentUrl":"https:\/\/sgsculptedbody.com\/wp-content\/uploads\/2025\/05\/68133daa8af59_image00001.png","width":445,"height":376,"caption":"SG Sculpted body"},"image":{"@id":"https:\/\/sgsculptedbody.com\/en\/#\/schema\/logo\/image\/"}}]}},"_links":{"self":[{"href":"https:\/\/sgsculptedbody.com\/en\/wp-json\/wp\/v2\/product\/588","targetHints":{"allow":["GET"]}}],"collection":[{"href":"https:\/\/sgsculptedbody.com\/en\/wp-json\/wp\/v2\/product"}],"about":[{"href":"https:\/\/sgsculptedbody.com\/en\/wp-json\/wp\/v2\/types\/product"}],"replies":[{"embeddable":true,"href":"https:\/\/sgsculptedbody.com\/en\/wp-json\/wp\/v2\/comments?post=588"}],"wp:featuredmedia":[{"embeddable":true,"href":"https:\/\/sgsculptedbody.com\/en\/wp-json\/wp\/v2\/media\/551"}],"wp:attachment":[{"href":"https:\/\/sgsculptedbody.com\/en\/wp-json\/wp\/v2\/media?parent=588"}],"wp:term":[{"taxonomy":"marca","embeddable":true,"href":"https:\/\/sgsculptedbody.com\/en\/wp-json\/wp\/v2\/marca?post=588"},{"taxonomy":"product_brand","embeddable":true,"href":"https:\/\/sgsculptedbody.com\/en\/wp-json\/wp\/v2\/product_brand?post=588"},{"taxonomy":"product_cat","embeddable":true,"href":"https:\/\/sgsculptedbody.com\/en\/wp-json\/wp\/v2\/product_cat?post=588"},{"taxonomy":"product_tag","embeddable":true,"href":"https:\/\/sgsculptedbody.com\/en\/wp-json\/wp\/v2\/product_tag?post=588"}],"curies":[{"name":"wp","href":"https:\/\/api.w.org\/{rel}","templated":true}]}}